{"id":2837,"date":"2015-08-17T23:43:42","date_gmt":"2015-08-17T23:43:42","guid":{"rendered":"https:\/\/www.tarluz.com\/de\/home\/"},"modified":"2017-08-12T10:18:50","modified_gmt":"2017-08-12T10:18:50","slug":"home","status":"publish","type":"page","link":"https:\/\/www.tarluz.com\/de\/","title":{"rendered":"Home"},"content":{"rendered":"<p>[vc_row rt_row_background_width=&#8220;fullwidth&#8220; rt_row_content_width=&#8220;fullwidth&#8220; rt_row_style=&#8220;default-style&#8220; rt_row_borders=&#8220;&#8220; rt_row_paddings=&#8220;false&#8220; rt_bg_effect=&#8220;classic&#8220; rt_bg_image_repeat=&#8220;repeat&#8220; rt_bg_size=&#8220;cover&#8220; rt_bg_position=&#8220;right top&#8220; rt_bg_attachment=&#8220;scroll&#8220; rt_bg_video_format=&#8220;self-hosted&#8220;][vc_column rt_bg_image_repeat=&#8220;repeat&#8220; rt_bg_size=&#8220;auto auto&#8220; rt_bg_attachment=&#8220;scroll&#8220;][vc_single_image image=&#8220;3116&#8243; img_size=&#8220;full&#8220; alignment=&#8220;center&#8220; css=&#8220;.vc_custom_1479318183323{margin-top: -5px !important;margin-right: -30px !important;margin-left: -30px !important;}&#8220;][\/vc_column][\/vc_row][vc_row rt_row_background_width=&#8220;default&#8220; rt_row_style=&#8220;default-style&#8220; rt_row_borders=&#8220;&#8220; rt_row_paddings=&#8220;true&#8220; rt_bg_effect=&#8220;classic&#8220; rt_bg_image_repeat=&#8220;repeat&#8220; rt_bg_size=&#8220;cover&#8220; rt_bg_position=&#8220;right top&#8220; rt_bg_attachment=&#8220;scroll&#8220; rt_bg_video_format=&#8220;self-hosted&#8220; rt_padding_top=&#8220;50&#8243; rt_bg_color=&#8220;#d8d8d8&#8243;][vc_column width=&#8220;1\/4&#8243; rt_bg_image_repeat=&#8220;repeat&#8220; rt_bg_size=&#8220;auto auto&#8220; rt_bg_attachment=&#8220;scroll&#8220;]<article   class=\"image-content-box content-box box-style-1 left\"><div class=\"featured_image_holder\"><img decoding=\"async\" class=\"img-responsive\" src=\"https:\/\/www.tarluz.com\/wp-content\/uploads\/2015\/08\/about-us-tarluz.jpg\" alt=\"\" \/><\/div><div class=\"text-holder\"><h3 class=\"heading\">About TARLUZ<\/h3> <p style=\"text-align: justify;\"><a href=\"https:\/\/www.tarluz.com\">TARLUZ<\/a> konzentriert sich auf Glasfaser-L\u00f6sungen wie Rechenzentrums-Verkabelungs-Netzwerk, FTTx \/ FTTH Turn Key-L\u00f6sung, etc. Unser Wert ist Deliver Quality Produkt mit wettbewerbsf\u00e4higen Preisen und gewidmet Service.<\/p>\n<\/div><\/article>[\/vc_column][vc_column width=&#8220;1\/4&#8243; rt_bg_image_repeat=&#8220;repeat&#8220; rt_bg_size=&#8220;auto auto&#8220; rt_bg_attachment=&#8220;scroll&#8220;]<article   class=\"image-content-box content-box box-style-1 left\"><div class=\"featured_image_holder\"><img decoding=\"async\" class=\"img-responsive\" src=\"https:\/\/www.tarluz.com\/wp-content\/uploads\/2015\/08\/fiber-to-the-home.jpg\" alt=\"\" \/><\/div><div class=\"text-holder\"><h3 class=\"heading\">FTTx FTTH Solutions<\/h3> <p style=\"text-align: justify;\">Fibre to the x (FTTx) ist ein allgemeiner Begriff f\u00fcr jede Breitbandnetzwerkarchitektur, die Faseroptik verwendet, um alle oder einen Teil der \u00fcblichen Metallschleife zu ersetzen, die f\u00fcr die letzte Meilenverbindung verwendet wird. Es kann FTTH, FTTD, FTTC, FTTA, FTTO, FTTF sein , etc..<\/p>\n<\/div><\/article>[\/vc_column][vc_column width=&#8220;1\/4&#8243; rt_bg_image_repeat=&#8220;repeat&#8220; rt_bg_size=&#8220;auto auto&#8220; rt_bg_attachment=&#8220;scroll&#8220;]<article   class=\"style=``font-size:14px`` image-content-box content-box box-style-1 left\"><div class=\"featured_image_holder\"><img decoding=\"async\" class=\"img-responsive\" src=\"https:\/\/www.tarluz.com\/wp-content\/uploads\/2015\/08\/data-center-solutions.jpg\" alt=\"\" \/><\/div><div class=\"text-holder\"><h3 class=\"heading\">Data Center Solutions<\/h3> <p style=\"text-align: justify;\">TARLUZ liefert Netzwerkinfrastruktur, um den wachsenden Anforderungen an Rechenzentrum, Konnektivit\u00e4t und Kabelmanagement gerecht zu werden. Diese Systeme unterst\u00fctzen Technologie der n\u00e4chsten Generation mit Flexibilit\u00e4t f\u00fcr zuk\u00fcnftiges Wachstum.<\/p>\n<\/div><\/article>[\/vc_column][vc_column width=&#8220;1\/4&#8243; rt_bg_image_repeat=&#8220;repeat&#8220; rt_bg_size=&#8220;auto auto&#8220; rt_bg_attachment=&#8220;scroll&#8220;]<article   class=\"image-content-box content-box box-style-1 left\"><div class=\"featured_image_holder\"><img decoding=\"async\" class=\"img-responsive\" src=\"https:\/\/www.tarluz.com\/wp-content\/uploads\/2015\/08\/High-Power-Fiber-Optics.jpg\" alt=\"\" \/><\/div><div class=\"text-holder\"><h3 class=\"heading\">Advanced Optics<\/h3> <p style=\"text-align: justify;\">TARLUZ bietet hochmoderne Produkte in speziellen Faseroptiken an, die in den verschiedensten M\u00e4rkten wie Industrie-, Medizin-, Ophthalmologie-, Luft- und Raumfahrt und Verteidigung, Astronomie, Halbleiter, Telekommunikation und vieles mehr eingesetzt werden.<\/p>\n<\/div><\/article>[\/vc_column][\/vc_row]<\/p>\n","protected":false},"excerpt":{"rendered":"<p>[vc_row rt_row_background_width=&#8220;fullwidth&#8220; rt_row_content_width=&#8220;fullwidth&#8220; rt_row_style=&#8220;default-style&#8220; rt_row_borders=&#8220;&#8220; rt_row_paddings=&#8220;false&#8220; rt_bg_effect=&#8220;classic&#8220; rt_bg_image_repeat=&#8220;repeat&#8220; rt_bg_size=&#8220;cover&#8220; rt_bg_position=&#8220;right top&#8220; rt_bg_attachment=&#8220;scroll&#8220; rt_bg_video_format=&#8220;self-hosted&#8220;][vc_column rt_bg_image_repeat=&#8220;repeat&#8220; rt_bg_size=&#8220;auto auto&#8220; rt_bg_attachment=&#8220;scroll&#8220;][vc_single_image image=&#8220;3116&#8243; img_size=&#8220;full&#8220; alignment=&#8220;center&#8220; css=&#8220;.vc_custom_1479318183323{margin-top: -5px !important;margin-right: -30px !important;margin-left: -30px !important;}&#8220;][\/vc_column][\/vc_row][vc_row rt_row_background_width=&#8220;default&#8220; rt_row_style=&#8220;default-style&#8220; rt_row_borders=&#8220;&#8220; rt_row_paddings=&#8220;true&#8220; rt_bg_effect=&#8220;classic&#8220; rt_bg_image_repeat=&#8220;repeat&#8220; rt_bg_size=&#8220;cover&#8220; rt_bg_position=&#8220;right top&#8220; rt_bg_attachment=&#8220;scroll&#8220; rt_bg_video_format=&#8220;self-hosted&#8220; rt_padding_top=&#8220;50&#8243; rt_bg_color=&#8220;#d8d8d8&#8243;][vc_column width=&#8220;1\/4&#8243; rt_bg_image_repeat=&#8220;repeat&#8220; rt_bg_size=&#8220;auto auto&#8220; rt_bg_attachment=&#8220;scroll&#8220;][\/vc_column][vc_column width=&#8220;1\/4&#8243; rt_bg_image_repeat=&#8220;repeat&#8220; rt_bg_size=&#8220;auto auto&#8220; rt_bg_attachment=&#8220;scroll&#8220;][\/vc_column][vc_column width=&#8220;1\/4&#8243; rt_bg_image_repeat=&#8220;repeat&#8220; rt_bg_size=&#8220;auto auto&#8220; rt_bg_attachment=&#8220;scroll&#8220;][\/vc_column][vc_column [&hellip;]<\/p>\n","protected":false},"author":1,"featured_media":0,"parent":0,"menu_order":0,"comment_status":"closed","ping_status":"closed","template":"","meta":{"footnotes":""},"class_list":["post-2837","page","type-page","status-publish","hentry"],"yoast_head":"<!-- This site is optimized with the Yoast SEO Premium plugin v23.3 (Yoast SEO v27.4) - https:\/\/yoast.com\/product\/yoast-seo-premium-wordpress\/ -->\n<title>Tarluz, your fiber optic suppliers<\/title>\n<meta name=\"description\" content=\"Tarluz, fiber optic suppliers, dedicated in providing FTTx solutions, data center solutions and high power solutions.\" \/>\n<meta name=\"robots\" content=\"index, follow, max-snippet:-1, max-image-preview:large, max-video-preview:-1\" \/>\n<link rel=\"canonical\" href=\"https:\/\/www.tarluz.com\/de\/\" \/>\n<meta property=\"og:locale\" content=\"de_DE\" \/>\n<meta property=\"og:type\" content=\"article\" \/>\n<meta property=\"og:title\" content=\"Home\" \/>\n<meta property=\"og:description\" content=\"Tarluz, fiber optic suppliers, dedicated in providing FTTx solutions, data center solutions and high power solutions.\" \/>\n<meta property=\"og:url\" content=\"https:\/\/www.tarluz.com\/de\/\" \/>\n<meta property=\"og:site_name\" content=\"TARLUZ - FIBER OPTIC SUPPLIERS\" \/>\n<meta property=\"article:modified_time\" content=\"2017-08-12T10:18:50+00:00\" \/>\n<meta name=\"twitter:card\" content=\"summary_large_image\" \/>\n<meta name=\"twitter:label1\" content=\"Gesch\u00e4tzte Lesezeit\" \/>\n\t<meta name=\"twitter:data1\" content=\"2\u00a0Minuten\" \/>\n<script type=\"application\/ld+json\" class=\"yoast-schema-graph\">{\"@context\":\"https:\\\/\\\/schema.org\",\"@graph\":[{\"@type\":\"WebPage\",\"@id\":\"https:\\\/\\\/www.tarluz.com\\\/de\\\/\",\"url\":\"https:\\\/\\\/www.tarluz.com\\\/de\\\/\",\"name\":\"Tarluz, your fiber optic suppliers\",\"isPartOf\":{\"@id\":\"https:\\\/\\\/www.tarluz.com\\\/de\\\/#website\"},\"datePublished\":\"2015-08-17T23:43:42+00:00\",\"dateModified\":\"2017-08-12T10:18:50+00:00\",\"description\":\"Tarluz, fiber optic suppliers, dedicated in providing FTTx solutions, data center solutions and high power solutions.\",\"breadcrumb\":{\"@id\":\"https:\\\/\\\/www.tarluz.com\\\/de\\\/#breadcrumb\"},\"inLanguage\":\"de\",\"potentialAction\":[{\"@type\":\"ReadAction\",\"target\":[\"https:\\\/\\\/www.tarluz.com\\\/de\\\/\"]}]},{\"@type\":\"BreadcrumbList\",\"@id\":\"https:\\\/\\\/www.tarluz.com\\\/de\\\/#breadcrumb\",\"itemListElement\":[{\"@type\":\"ListItem\",\"position\":1,\"name\":\"Home\",\"item\":\"https:\\\/\\\/www.tarluz.com\\\/de\\\/\"},{\"@type\":\"ListItem\",\"position\":2,\"name\":\"Home\"}]},{\"@type\":\"WebSite\",\"@id\":\"https:\\\/\\\/www.tarluz.com\\\/de\\\/#website\",\"url\":\"https:\\\/\\\/www.tarluz.com\\\/de\\\/\",\"name\":\"TARLUZ - FIBER OPTIC SUPPLIERS\",\"description\":\"DEDICATED IN FIBER OPTIC INDUSTRY\",\"potentialAction\":[{\"@type\":\"SearchAction\",\"target\":{\"@type\":\"EntryPoint\",\"urlTemplate\":\"https:\\\/\\\/www.tarluz.com\\\/de\\\/?s={search_term_string}\"},\"query-input\":{\"@type\":\"PropertyValueSpecification\",\"valueRequired\":true,\"valueName\":\"search_term_string\"}}],\"inLanguage\":\"de\"}]}<\/script>\n<!-- \/ Yoast SEO Premium plugin. -->","yoast_head_json":{"title":"Tarluz, your fiber optic suppliers","description":"Tarluz, fiber optic suppliers, dedicated in providing FTTx solutions, data center solutions and high power solutions.","robots":{"index":"index","follow":"follow","max-snippet":"max-snippet:-1","max-image-preview":"max-image-preview:large","max-video-preview":"max-video-preview:-1"},"canonical":"https:\/\/www.tarluz.com\/de\/","og_locale":"de_DE","og_type":"article","og_title":"Home","og_description":"Tarluz, fiber optic suppliers, dedicated in providing FTTx solutions, data center solutions and high power solutions.","og_url":"https:\/\/www.tarluz.com\/de\/","og_site_name":"TARLUZ - FIBER OPTIC SUPPLIERS","article_modified_time":"2017-08-12T10:18:50+00:00","twitter_card":"summary_large_image","twitter_misc":{"Gesch\u00e4tzte Lesezeit":"2\u00a0Minuten"},"schema":{"@context":"https:\/\/schema.org","@graph":[{"@type":"WebPage","@id":"https:\/\/www.tarluz.com\/de\/","url":"https:\/\/www.tarluz.com\/de\/","name":"Tarluz, your fiber optic suppliers","isPartOf":{"@id":"https:\/\/www.tarluz.com\/de\/#website"},"datePublished":"2015-08-17T23:43:42+00:00","dateModified":"2017-08-12T10:18:50+00:00","description":"Tarluz, fiber optic suppliers, dedicated in providing FTTx solutions, data center solutions and high power solutions.","breadcrumb":{"@id":"https:\/\/www.tarluz.com\/de\/#breadcrumb"},"inLanguage":"de","potentialAction":[{"@type":"ReadAction","target":["https:\/\/www.tarluz.com\/de\/"]}]},{"@type":"BreadcrumbList","@id":"https:\/\/www.tarluz.com\/de\/#breadcrumb","itemListElement":[{"@type":"ListItem","position":1,"name":"Home","item":"https:\/\/www.tarluz.com\/de\/"},{"@type":"ListItem","position":2,"name":"Home"}]},{"@type":"WebSite","@id":"https:\/\/www.tarluz.com\/de\/#website","url":"https:\/\/www.tarluz.com\/de\/","name":"TARLUZ - FIBER OPTIC SUPPLIERS","description":"DEDICATED IN FIBER OPTIC INDUSTRY","potentialAction":[{"@type":"SearchAction","target":{"@type":"EntryPoint","urlTemplate":"https:\/\/www.tarluz.com\/de\/?s={search_term_string}"},"query-input":{"@type":"PropertyValueSpecification","valueRequired":true,"valueName":"search_term_string"}}],"inLanguage":"de"}]}},"_links":{"self":[{"href":"https:\/\/www.tarluz.com\/de\/wp-json\/wp\/v2\/pages\/2837","targetHints":{"allow":["GET"]}}],"collection":[{"href":"https:\/\/www.tarluz.com\/de\/wp-json\/wp\/v2\/pages"}],"about":[{"href":"https:\/\/www.tarluz.com\/de\/wp-json\/wp\/v2\/types\/page"}],"author":[{"embeddable":true,"href":"https:\/\/www.tarluz.com\/de\/wp-json\/wp\/v2\/users\/1"}],"replies":[{"embeddable":true,"href":"https:\/\/www.tarluz.com\/de\/wp-json\/wp\/v2\/comments?post=2837"}],"version-history":[{"count":4,"href":"https:\/\/www.tarluz.com\/de\/wp-json\/wp\/v2\/pages\/2837\/revisions"}],"predecessor-version":[{"id":5781,"href":"https:\/\/www.tarluz.com\/de\/wp-json\/wp\/v2\/pages\/2837\/revisions\/5781"}],"wp:attachment":[{"href":"https:\/\/www.tarluz.com\/de\/wp-json\/wp\/v2\/media?parent=2837"}],"curies":[{"name":"wp","href":"https:\/\/api.w.org\/{rel}","templated":true}]}}