{"id":2570,"date":"2015-08-19T10:06:27","date_gmt":"2015-08-19T10:06:27","guid":{"rendered":"https:\/\/www.tarluz.com\/es\/about-us\/"},"modified":"2016-10-28T02:38:15","modified_gmt":"2016-10-28T02:38:15","slug":"about-us","status":"publish","type":"page","link":"https:\/\/www.tarluz.com\/es\/about-us\/","title":{"rendered":"Sobre nosotros"},"content":{"rendered":"<p>[vc_row rt_row_background_width=\u00bbdefault\u00bb rt_row_style=\u00bbdefault-style\u00bb rt_row_borders=\u00bb\u00bb rt_row_paddings=\u00bbtrue\u00bb rt_bg_effect=\u00bbclassic\u00bb rt_bg_image_repeat=\u00bbrepeat\u00bb rt_bg_size=\u00bbcover\u00bb rt_bg_position=\u00bbright top\u00bb rt_bg_attachment=\u00bbscroll\u00bb rt_bg_video_format=\u00bbself-hosted\u00bb][vc_column rt_bg_image_repeat=\u00bbrepeat\u00bb rt_bg_size=\u00bbauto auto\u00bb rt_bg_attachment=\u00bbscroll\u00bb][vc_custom_heading text=\u00bbIntroduction to Tarluz\u00bb google_fonts=\u00bb\u00bb][vc_column_text]<\/p>\n<p style=\"text-align: justify;\">TARLUZ es un fabricante l\u00edder de fibra \u00f3ptica basada en Shanghai de fibra \u00f3ptica y productos de red con instalaciones de fabricaci\u00f3n completos, dedicados al servicio de la compa\u00f1\u00eda Telco, ISP, proveedores de televisi\u00f3n por cable, Contratistas, Ingenier\u00eda, etc. todo el mundo.<\/p>\n<p style=\"text-align: justify;\">Tarluz dise\u00f1os, desarrolla, fabrica y vende soluciones de cableado de fibra \u00f3ptica, de conectividad, gesti\u00f3n y sistemas. Ofrecemos una amplia gama de productos directamente ya trav\u00e9s de distribuidores, instaladores y socios OEM.<\/p>\n<p style=\"text-align: justify;\">La gama de productos incluye MTP MPO fibra \u00f3ptica, PON pasiva de red \u00f3ptica, equipo de prueba \u00f3ptico de fibra, fibra \u00f3ptica empalme, gesti\u00f3n de cables, cables de fibra \u00f3ptica, herramientas y kits de herramientas.<\/p>\n<p>[\/vc_column_text][vc_single_image image=\u00bb307&#8243; img_size=\u00bbfull\u00bb alignment=\u00bbcenter\u00bb style=\u00bbvc_box_rounded\u00bb][\/vc_column][\/vc_row]<\/p>\n","protected":false},"excerpt":{"rendered":"<p>[vc_row rt_row_background_width=\u00bbdefault\u00bb rt_row_style=\u00bbdefault-style\u00bb rt_row_borders=\u00bb\u00bb rt_row_paddings=\u00bbtrue\u00bb rt_bg_effect=\u00bbclassic\u00bb rt_bg_image_repeat=\u00bbrepeat\u00bb rt_bg_size=\u00bbcover\u00bb rt_bg_position=\u00bbright top\u00bb rt_bg_attachment=\u00bbscroll\u00bb rt_bg_video_format=\u00bbself-hosted\u00bb][vc_column rt_bg_image_repeat=\u00bbrepeat\u00bb rt_bg_size=\u00bbauto auto\u00bb rt_bg_attachment=\u00bbscroll\u00bb][vc_custom_heading text=\u00bbIntroduction to Tarluz\u00bb google_fonts=\u00bb\u00bb][vc_column_text] TARLUZ es un fabricante l\u00edder de fibra \u00f3ptica basada en Shanghai de fibra \u00f3ptica y productos de red con instalaciones de fabricaci\u00f3n completos, dedicados al servicio de la compa\u00f1\u00eda Telco, ISP, proveedores de televisi\u00f3n por [&hellip;]<\/p>\n","protected":false},"author":1,"featured_media":0,"parent":0,"menu_order":0,"comment_status":"closed","ping_status":"closed","template":"","meta":{"footnotes":""},"class_list":["post-2570","page","type-page","status-publish","hentry"],"yoast_head":"<!-- This site is optimized with the Yoast SEO Premium plugin v23.3 (Yoast SEO v27.2) - https:\/\/yoast.com\/product\/yoast-seo-premium-wordpress\/ -->\n<title>Sobre nosotros - TARLUZ - FIBER OPTIC SUPPLIERS<\/title>\n<meta name=\"robots\" content=\"index, follow, max-snippet:-1, max-image-preview:large, max-video-preview:-1\" \/>\n<link rel=\"canonical\" href=\"https:\/\/www.tarluz.com\/es\/about-us\/\" \/>\n<meta property=\"og:locale\" content=\"es_ES\" \/>\n<meta property=\"og:type\" content=\"article\" \/>\n<meta property=\"og:title\" content=\"Sobre nosotros\" \/>\n<meta property=\"og:description\" content=\"[vc_row rt_row_background_width=\u00bbdefault\u00bb rt_row_style=\u00bbdefault-style\u00bb rt_row_borders=\u00bb\u00bb rt_row_paddings=\u00bbtrue\u00bb rt_bg_effect=\u00bbclassic\u00bb rt_bg_image_repeat=\u00bbrepeat\u00bb rt_bg_size=\u00bbcover\u00bb rt_bg_position=\u00bbright top\u00bb rt_bg_attachment=\u00bbscroll\u00bb rt_bg_video_format=\u00bbself-hosted\u00bb][vc_column rt_bg_image_repeat=\u00bbrepeat\u00bb rt_bg_size=\u00bbauto auto\u00bb rt_bg_attachment=\u00bbscroll\u00bb][vc_custom_heading text=\u00bbIntroduction to Tarluz\u00bb google_fonts=\u00bb\u00bb][vc_column_text] TARLUZ es un fabricante l\u00edder de fibra \u00f3ptica basada en Shanghai de fibra \u00f3ptica y productos de red con instalaciones de fabricaci\u00f3n completos, dedicados al servicio de la compa\u00f1\u00eda Telco, ISP, proveedores de televisi\u00f3n por [&hellip;]\" \/>\n<meta property=\"og:url\" content=\"https:\/\/www.tarluz.com\/es\/about-us\/\" \/>\n<meta property=\"og:site_name\" content=\"TARLUZ - FIBER OPTIC SUPPLIERS\" \/>\n<meta property=\"article:modified_time\" content=\"2016-10-28T02:38:15+00:00\" \/>\n<meta name=\"twitter:card\" content=\"summary_large_image\" \/>\n<meta name=\"twitter:label1\" content=\"Tiempo de lectura\" \/>\n\t<meta name=\"twitter:data1\" content=\"1 minuto\" \/>\n<script type=\"application\/ld+json\" class=\"yoast-schema-graph\">{\"@context\":\"https:\/\/schema.org\",\"@graph\":[{\"@type\":\"WebPage\",\"@id\":\"https:\/\/www.tarluz.com\/es\/about-us\/\",\"url\":\"https:\/\/www.tarluz.com\/es\/about-us\/\",\"name\":\"Sobre nosotros - TARLUZ - FIBER OPTIC SUPPLIERS\",\"isPartOf\":{\"@id\":\"https:\/\/www.tarluz.com\/es\/#website\"},\"datePublished\":\"2015-08-19T10:06:27+00:00\",\"dateModified\":\"2016-10-28T02:38:15+00:00\",\"breadcrumb\":{\"@id\":\"https:\/\/www.tarluz.com\/es\/about-us\/#breadcrumb\"},\"inLanguage\":\"es\",\"potentialAction\":[{\"@type\":\"ReadAction\",\"target\":[\"https:\/\/www.tarluz.com\/es\/about-us\/\"]}]},{\"@type\":\"BreadcrumbList\",\"@id\":\"https:\/\/www.tarluz.com\/es\/about-us\/#breadcrumb\",\"itemListElement\":[{\"@type\":\"ListItem\",\"position\":1,\"name\":\"Home\",\"item\":\"https:\/\/www.tarluz.com\/es\/\"},{\"@type\":\"ListItem\",\"position\":2,\"name\":\"Sobre nosotros\"}]},{\"@type\":\"WebSite\",\"@id\":\"https:\/\/www.tarluz.com\/es\/#website\",\"url\":\"https:\/\/www.tarluz.com\/es\/\",\"name\":\"TARLUZ - FIBER OPTIC SUPPLIERS\",\"description\":\"DEDICATED IN FIBER OPTIC INDUSTRY\",\"potentialAction\":[{\"@type\":\"SearchAction\",\"target\":{\"@type\":\"EntryPoint\",\"urlTemplate\":\"https:\/\/www.tarluz.com\/es\/?s={search_term_string}\"},\"query-input\":{\"@type\":\"PropertyValueSpecification\",\"valueRequired\":true,\"valueName\":\"search_term_string\"}}],\"inLanguage\":\"es\"}]}<\/script>\n<!-- \/ Yoast SEO Premium plugin. -->","yoast_head_json":{"title":"Sobre nosotros - TARLUZ - FIBER OPTIC SUPPLIERS","robots":{"index":"index","follow":"follow","max-snippet":"max-snippet:-1","max-image-preview":"max-image-preview:large","max-video-preview":"max-video-preview:-1"},"canonical":"https:\/\/www.tarluz.com\/es\/about-us\/","og_locale":"es_ES","og_type":"article","og_title":"Sobre nosotros","og_description":"[vc_row rt_row_background_width=\u00bbdefault\u00bb rt_row_style=\u00bbdefault-style\u00bb rt_row_borders=\u00bb\u00bb rt_row_paddings=\u00bbtrue\u00bb rt_bg_effect=\u00bbclassic\u00bb rt_bg_image_repeat=\u00bbrepeat\u00bb rt_bg_size=\u00bbcover\u00bb rt_bg_position=\u00bbright top\u00bb rt_bg_attachment=\u00bbscroll\u00bb rt_bg_video_format=\u00bbself-hosted\u00bb][vc_column rt_bg_image_repeat=\u00bbrepeat\u00bb rt_bg_size=\u00bbauto auto\u00bb rt_bg_attachment=\u00bbscroll\u00bb][vc_custom_heading text=\u00bbIntroduction to Tarluz\u00bb google_fonts=\u00bb\u00bb][vc_column_text] TARLUZ es un fabricante l\u00edder de fibra \u00f3ptica basada en Shanghai de fibra \u00f3ptica y productos de red con instalaciones de fabricaci\u00f3n completos, dedicados al servicio de la compa\u00f1\u00eda Telco, ISP, proveedores de televisi\u00f3n por [&hellip;]","og_url":"https:\/\/www.tarluz.com\/es\/about-us\/","og_site_name":"TARLUZ - FIBER OPTIC SUPPLIERS","article_modified_time":"2016-10-28T02:38:15+00:00","twitter_card":"summary_large_image","twitter_misc":{"Tiempo de lectura":"1 minuto"},"schema":{"@context":"https:\/\/schema.org","@graph":[{"@type":"WebPage","@id":"https:\/\/www.tarluz.com\/es\/about-us\/","url":"https:\/\/www.tarluz.com\/es\/about-us\/","name":"Sobre nosotros - TARLUZ - FIBER OPTIC SUPPLIERS","isPartOf":{"@id":"https:\/\/www.tarluz.com\/es\/#website"},"datePublished":"2015-08-19T10:06:27+00:00","dateModified":"2016-10-28T02:38:15+00:00","breadcrumb":{"@id":"https:\/\/www.tarluz.com\/es\/about-us\/#breadcrumb"},"inLanguage":"es","potentialAction":[{"@type":"ReadAction","target":["https:\/\/www.tarluz.com\/es\/about-us\/"]}]},{"@type":"BreadcrumbList","@id":"https:\/\/www.tarluz.com\/es\/about-us\/#breadcrumb","itemListElement":[{"@type":"ListItem","position":1,"name":"Home","item":"https:\/\/www.tarluz.com\/es\/"},{"@type":"ListItem","position":2,"name":"Sobre nosotros"}]},{"@type":"WebSite","@id":"https:\/\/www.tarluz.com\/es\/#website","url":"https:\/\/www.tarluz.com\/es\/","name":"TARLUZ - FIBER OPTIC SUPPLIERS","description":"DEDICATED IN FIBER OPTIC INDUSTRY","potentialAction":[{"@type":"SearchAction","target":{"@type":"EntryPoint","urlTemplate":"https:\/\/www.tarluz.com\/es\/?s={search_term_string}"},"query-input":{"@type":"PropertyValueSpecification","valueRequired":true,"valueName":"search_term_string"}}],"inLanguage":"es"}]}},"_links":{"self":[{"href":"https:\/\/www.tarluz.com\/es\/wp-json\/wp\/v2\/pages\/2570","targetHints":{"allow":["GET"]}}],"collection":[{"href":"https:\/\/www.tarluz.com\/es\/wp-json\/wp\/v2\/pages"}],"about":[{"href":"https:\/\/www.tarluz.com\/es\/wp-json\/wp\/v2\/types\/page"}],"author":[{"embeddable":true,"href":"https:\/\/www.tarluz.com\/es\/wp-json\/wp\/v2\/users\/1"}],"replies":[{"embeddable":true,"href":"https:\/\/www.tarluz.com\/es\/wp-json\/wp\/v2\/comments?post=2570"}],"version-history":[{"count":1,"href":"https:\/\/www.tarluz.com\/es\/wp-json\/wp\/v2\/pages\/2570\/revisions"}],"predecessor-version":[{"id":2571,"href":"https:\/\/www.tarluz.com\/es\/wp-json\/wp\/v2\/pages\/2570\/revisions\/2571"}],"wp:attachment":[{"href":"https:\/\/www.tarluz.com\/es\/wp-json\/wp\/v2\/media?parent=2570"}],"curies":[{"name":"wp","href":"https:\/\/api.w.org\/{rel}","templated":true}]}}