{"id":2464,"date":"2015-08-17T23:43:42","date_gmt":"2015-08-17T23:43:42","guid":{"rendered":"https:\/\/www.tarluz.com\/fr\/?page_id=2464"},"modified":"2017-08-12T10:15:29","modified_gmt":"2017-08-12T10:15:29","slug":"home","status":"publish","type":"page","link":"https:\/\/www.tarluz.com\/fr\/","title":{"rendered":"Accueil"},"content":{"rendered":"<p>[vc_row rt_row_background_width=\u00a0\u00bbfullwidth\u00a0\u00bb rt_row_content_width=\u00a0\u00bbfullwidth\u00a0\u00bb rt_row_style=\u00a0\u00bbdefault-style\u00a0\u00bb rt_row_borders=\u00a0\u00bb\u00a0\u00bb rt_row_paddings=\u00a0\u00bbfalse\u00a0\u00bb rt_bg_effect=\u00a0\u00bbclassic\u00a0\u00bb rt_bg_image_repeat=\u00a0\u00bbrepeat\u00a0\u00bb rt_bg_size=\u00a0\u00bbcover\u00a0\u00bb rt_bg_position=\u00a0\u00bbright top\u00a0\u00bb rt_bg_attachment=\u00a0\u00bbscroll\u00a0\u00bb rt_bg_video_format=\u00a0\u00bbself-hosted\u00a0\u00bb][vc_column rt_bg_image_repeat=\u00a0\u00bbrepeat\u00a0\u00bb rt_bg_size=\u00a0\u00bbauto auto\u00a0\u00bb rt_bg_attachment=\u00a0\u00bbscroll\u00a0\u00bb][vc_single_image image=\u00a0\u00bb3116&Prime; img_size=\u00a0\u00bbfull\u00a0\u00bb alignment=\u00a0\u00bbcenter\u00a0\u00bb css=\u00a0\u00bb.vc_custom_1479316899463{margin-top: -5px !important;margin-right: -30px !important;margin-left: -30px !important;}\u00a0\u00bb][\/vc_column][\/vc_row][vc_row rt_row_background_width=\u00a0\u00bbdefault\u00a0\u00bb rt_row_style=\u00a0\u00bbdefault-style\u00a0\u00bb rt_row_borders=\u00a0\u00bb\u00a0\u00bb rt_row_paddings=\u00a0\u00bbtrue\u00a0\u00bb rt_bg_effect=\u00a0\u00bbclassic\u00a0\u00bb rt_bg_image_repeat=\u00a0\u00bbrepeat\u00a0\u00bb rt_bg_size=\u00a0\u00bbcover\u00a0\u00bb rt_bg_position=\u00a0\u00bbright top\u00a0\u00bb rt_bg_attachment=\u00a0\u00bbscroll\u00a0\u00bb rt_bg_video_format=\u00a0\u00bbself-hosted\u00a0\u00bb rt_padding_top=\u00a0\u00bb50&Prime; rt_bg_color=\u00a0\u00bb#d8d8d8&Prime;][vc_column width=\u00a0\u00bb1\/4&Prime; rt_bg_image_repeat=\u00a0\u00bbrepeat\u00a0\u00bb rt_bg_size=\u00a0\u00bbauto auto\u00a0\u00bb rt_bg_attachment=\u00a0\u00bbscroll\u00a0\u00bb]<article   class=\"image-content-box content-box box-style-1 left\"><div class=\"featured_image_holder\"><img decoding=\"async\" class=\"img-responsive\" src=\"https:\/\/www.tarluz.com\/wp-content\/uploads\/2015\/08\/about-us-tarluz.jpg\" alt=\"\" \/><\/div><div class=\"text-holder\"><h3 class=\"heading\">A propos de TARLUZ<\/h3> <p style=\"text-align: justify;\"><a href=\"https:\/\/www.tarluz.com\/fr\/\">TARLUZ <\/a>est fortement l&rsquo;accent sur des solutions \u00e0 fibres optiques comme r\u00e9seau de c\u00e2blage Data Center, FTTx \/ solution cl\u00e9 en main FTTH, etc. Notre valeur est Livrer la qualit\u00e9 des produits avec des prix comp\u00e9titifs et le service d\u00e9vou\u00e9.<\/p>\n<\/div><\/article>[\/vc_column][vc_column width=\u00a0\u00bb1\/4&Prime; rt_bg_image_repeat=\u00a0\u00bbrepeat\u00a0\u00bb rt_bg_size=\u00a0\u00bbauto auto\u00a0\u00bb rt_bg_attachment=\u00a0\u00bbscroll\u00a0\u00bb]<article   class=\"image-content-box content-box box-style-1 left\"><div class=\"featured_image_holder\"><img decoding=\"async\" class=\"img-responsive\" src=\"https:\/\/www.tarluz.com\/wp-content\/uploads\/2015\/08\/fiber-to-the-home.jpg\" alt=\"\" \/><\/div><div class=\"text-holder\"><h3 class=\"heading\">FTTx FTTH Solutions<\/h3> <p style=\"text-align: justify;\">Fiber to the x (FTTx) est un terme g\u00e9n\u00e9rique pour toute architecture de r\u00e9seau \u00e0 large bande en utilisant la fibre optique pour remplacer tout ou partie de la boucle locale m\u00e9tallique habituelle utilis\u00e9e pour la connexion last mile, Il peut \u00eatre FTTH, FTTD, FTTC, FTTA, FTTO, FTTF , etc..<\/p>\n<\/div><\/article>[\/vc_column][vc_column width=\u00a0\u00bb1\/4&Prime; rt_bg_image_repeat=\u00a0\u00bbrepeat\u00a0\u00bb rt_bg_size=\u00a0\u00bbauto auto\u00a0\u00bb rt_bg_attachment=\u00a0\u00bbscroll\u00a0\u00bb]<article   class=\"style=``font-size:14px`` image-content-box content-box box-style-1 left\"><div class=\"featured_image_holder\"><img decoding=\"async\" class=\"img-responsive\" src=\"https:\/\/www.tarluz.com\/wp-content\/uploads\/2015\/08\/data-center-solutions.jpg\" alt=\"\" \/><\/div><div class=\"text-holder\"><h3 class=\"heading\">Data Center Solutions<\/h3> <p style=\"text-align: justify;\">TARLUZ fournit une infrastructure de r\u00e9seau pour r\u00e9pondre aux exigences en expansion pour le centre de donn\u00e9es, la connectivit\u00e9 et la gestion des c\u00e2bles. Ces syst\u00e8mes prennent en charge la technologie de prochaine g\u00e9n\u00e9ration avec une flexibilit\u00e9 pour la croissance future.<\/p>\n<\/div><\/article>[\/vc_column][vc_column width=\u00a0\u00bb1\/4&Prime; rt_bg_image_repeat=\u00a0\u00bbrepeat\u00a0\u00bb rt_bg_size=\u00a0\u00bbauto auto\u00a0\u00bb rt_bg_attachment=\u00a0\u00bbscroll\u00a0\u00bb]<article   class=\"image-content-box content-box box-style-1 left\"><div class=\"featured_image_holder\"><img decoding=\"async\" class=\"img-responsive\" src=\"https:\/\/www.tarluz.com\/wp-content\/uploads\/2015\/08\/High-Power-Fiber-Optics.jpg\" alt=\"\" \/><\/div><div class=\"text-holder\"><h3 class=\"heading\">Optique Avanc\u00e9e<\/h3> <p style=\"text-align: justify;\">TARLUZ propose des produits de pointe dans la fibre optique sp\u00e9ciale, la solution appliqu\u00e9e au march\u00e9 diversifi\u00e9, y compris industrielle, M\u00e9dical, ophtalmique, A\u00e9rospatiale et d\u00e9fense, l&rsquo;astronomie, Semiconductor, t\u00e9l\u00e9communications et plus encore.<\/p>\n<\/div><\/article>[\/vc_column][\/vc_row]<\/p>\n","protected":false},"excerpt":{"rendered":"<p>[vc_row rt_row_background_width=\u00a0\u00bbfullwidth\u00a0\u00bb rt_row_content_width=\u00a0\u00bbfullwidth\u00a0\u00bb rt_row_style=\u00a0\u00bbdefault-style\u00a0\u00bb rt_row_borders=\u00a0\u00bb\u00a0\u00bb rt_row_paddings=\u00a0\u00bbfalse\u00a0\u00bb rt_bg_effect=\u00a0\u00bbclassic\u00a0\u00bb rt_bg_image_repeat=\u00a0\u00bbrepeat\u00a0\u00bb rt_bg_size=\u00a0\u00bbcover\u00a0\u00bb rt_bg_position=\u00a0\u00bbright top\u00a0\u00bb rt_bg_attachment=\u00a0\u00bbscroll\u00a0\u00bb rt_bg_video_format=\u00a0\u00bbself-hosted\u00a0\u00bb][vc_column rt_bg_image_repeat=\u00a0\u00bbrepeat\u00a0\u00bb rt_bg_size=\u00a0\u00bbauto auto\u00a0\u00bb rt_bg_attachment=\u00a0\u00bbscroll\u00a0\u00bb][vc_single_image image=\u00a0\u00bb3116&Prime; img_size=\u00a0\u00bbfull\u00a0\u00bb alignment=\u00a0\u00bbcenter\u00a0\u00bb css=\u00a0\u00bb.vc_custom_1479316899463{margin-top: -5px !important;margin-right: -30px !important;margin-left: -30px !important;}\u00a0\u00bb][\/vc_column][\/vc_row][vc_row rt_row_background_width=\u00a0\u00bbdefault\u00a0\u00bb rt_row_style=\u00a0\u00bbdefault-style\u00a0\u00bb rt_row_borders=\u00a0\u00bb\u00a0\u00bb rt_row_paddings=\u00a0\u00bbtrue\u00a0\u00bb rt_bg_effect=\u00a0\u00bbclassic\u00a0\u00bb rt_bg_image_repeat=\u00a0\u00bbrepeat\u00a0\u00bb rt_bg_size=\u00a0\u00bbcover\u00a0\u00bb rt_bg_position=\u00a0\u00bbright top\u00a0\u00bb rt_bg_attachment=\u00a0\u00bbscroll\u00a0\u00bb rt_bg_video_format=\u00a0\u00bbself-hosted\u00a0\u00bb rt_padding_top=\u00a0\u00bb50&Prime; rt_bg_color=\u00a0\u00bb#d8d8d8&Prime;][vc_column width=\u00a0\u00bb1\/4&Prime; rt_bg_image_repeat=\u00a0\u00bbrepeat\u00a0\u00bb rt_bg_size=\u00a0\u00bbauto auto\u00a0\u00bb rt_bg_attachment=\u00a0\u00bbscroll\u00a0\u00bb][\/vc_column][vc_column width=\u00a0\u00bb1\/4&Prime; rt_bg_image_repeat=\u00a0\u00bbrepeat\u00a0\u00bb rt_bg_size=\u00a0\u00bbauto auto\u00a0\u00bb rt_bg_attachment=\u00a0\u00bbscroll\u00a0\u00bb][\/vc_column][vc_column width=\u00a0\u00bb1\/4&Prime; rt_bg_image_repeat=\u00a0\u00bbrepeat\u00a0\u00bb rt_bg_size=\u00a0\u00bbauto auto\u00a0\u00bb rt_bg_attachment=\u00a0\u00bbscroll\u00a0\u00bb][\/vc_column][vc_column [&hellip;]<\/p>\n","protected":false},"author":1,"featured_media":0,"parent":0,"menu_order":0,"comment_status":"closed","ping_status":"closed","template":"","meta":{"footnotes":""},"class_list":["post-2464","page","type-page","status-publish","hentry"],"yoast_head":"<!-- This site is optimized with the Yoast SEO Premium plugin v23.3 (Yoast SEO v27.4) - https:\/\/yoast.com\/product\/yoast-seo-premium-wordpress\/ -->\n<title>Tarluz, your fiber optic suppliers<\/title>\n<meta name=\"description\" content=\"Tarluz, fiber optic suppliers, dedicated in providing FTTx solutions, data center solutions and high power solutions.\" \/>\n<meta name=\"robots\" content=\"index, follow, max-snippet:-1, max-image-preview:large, max-video-preview:-1\" \/>\n<link rel=\"canonical\" href=\"https:\/\/www.tarluz.com\/fr\/\" \/>\n<meta property=\"og:locale\" content=\"fr_FR\" \/>\n<meta property=\"og:type\" content=\"article\" \/>\n<meta property=\"og:title\" content=\"Accueil\" \/>\n<meta property=\"og:description\" content=\"Tarluz, fiber optic suppliers, dedicated in providing FTTx solutions, data center solutions and high power solutions.\" \/>\n<meta property=\"og:url\" content=\"https:\/\/www.tarluz.com\/fr\/\" \/>\n<meta property=\"og:site_name\" content=\"TARLUZ - FIBER OPTIC SUPPLIERS\" \/>\n<meta property=\"article:modified_time\" content=\"2017-08-12T10:15:29+00:00\" \/>\n<meta name=\"twitter:card\" content=\"summary_large_image\" \/>\n<meta name=\"twitter:label1\" content=\"Dur\u00e9e de lecture estim\u00e9e\" \/>\n\t<meta name=\"twitter:data1\" content=\"2 minutes\" \/>\n<script type=\"application\/ld+json\" class=\"yoast-schema-graph\">{\"@context\":\"https:\\\/\\\/schema.org\",\"@graph\":[{\"@type\":\"WebPage\",\"@id\":\"https:\\\/\\\/www.tarluz.com\\\/fr\\\/\",\"url\":\"https:\\\/\\\/www.tarluz.com\\\/fr\\\/\",\"name\":\"Tarluz, your fiber optic suppliers\",\"isPartOf\":{\"@id\":\"https:\\\/\\\/www.tarluz.com\\\/fr\\\/#website\"},\"datePublished\":\"2015-08-17T23:43:42+00:00\",\"dateModified\":\"2017-08-12T10:15:29+00:00\",\"description\":\"Tarluz, fiber optic suppliers, dedicated in providing FTTx solutions, data center solutions and high power solutions.\",\"breadcrumb\":{\"@id\":\"https:\\\/\\\/www.tarluz.com\\\/fr\\\/#breadcrumb\"},\"inLanguage\":\"fr-FR\",\"potentialAction\":[{\"@type\":\"ReadAction\",\"target\":[\"https:\\\/\\\/www.tarluz.com\\\/fr\\\/\"]}]},{\"@type\":\"BreadcrumbList\",\"@id\":\"https:\\\/\\\/www.tarluz.com\\\/fr\\\/#breadcrumb\",\"itemListElement\":[{\"@type\":\"ListItem\",\"position\":1,\"name\":\"Home\",\"item\":\"https:\\\/\\\/www.tarluz.com\\\/fr\\\/\"},{\"@type\":\"ListItem\",\"position\":2,\"name\":\"Accueil\"}]},{\"@type\":\"WebSite\",\"@id\":\"https:\\\/\\\/www.tarluz.com\\\/fr\\\/#website\",\"url\":\"https:\\\/\\\/www.tarluz.com\\\/fr\\\/\",\"name\":\"TARLUZ - FIBER OPTIC SUPPLIERS\",\"description\":\"DEDICATED IN FIBER OPTIC INDUSTRY\",\"potentialAction\":[{\"@type\":\"SearchAction\",\"target\":{\"@type\":\"EntryPoint\",\"urlTemplate\":\"https:\\\/\\\/www.tarluz.com\\\/fr\\\/?s={search_term_string}\"},\"query-input\":{\"@type\":\"PropertyValueSpecification\",\"valueRequired\":true,\"valueName\":\"search_term_string\"}}],\"inLanguage\":\"fr-FR\"}]}<\/script>\n<!-- \/ Yoast SEO Premium plugin. -->","yoast_head_json":{"title":"Tarluz, your fiber optic suppliers","description":"Tarluz, fiber optic suppliers, dedicated in providing FTTx solutions, data center solutions and high power solutions.","robots":{"index":"index","follow":"follow","max-snippet":"max-snippet:-1","max-image-preview":"max-image-preview:large","max-video-preview":"max-video-preview:-1"},"canonical":"https:\/\/www.tarluz.com\/fr\/","og_locale":"fr_FR","og_type":"article","og_title":"Accueil","og_description":"Tarluz, fiber optic suppliers, dedicated in providing FTTx solutions, data center solutions and high power solutions.","og_url":"https:\/\/www.tarluz.com\/fr\/","og_site_name":"TARLUZ - FIBER OPTIC SUPPLIERS","article_modified_time":"2017-08-12T10:15:29+00:00","twitter_card":"summary_large_image","twitter_misc":{"Dur\u00e9e de lecture estim\u00e9e":"2 minutes"},"schema":{"@context":"https:\/\/schema.org","@graph":[{"@type":"WebPage","@id":"https:\/\/www.tarluz.com\/fr\/","url":"https:\/\/www.tarluz.com\/fr\/","name":"Tarluz, your fiber optic suppliers","isPartOf":{"@id":"https:\/\/www.tarluz.com\/fr\/#website"},"datePublished":"2015-08-17T23:43:42+00:00","dateModified":"2017-08-12T10:15:29+00:00","description":"Tarluz, fiber optic suppliers, dedicated in providing FTTx solutions, data center solutions and high power solutions.","breadcrumb":{"@id":"https:\/\/www.tarluz.com\/fr\/#breadcrumb"},"inLanguage":"fr-FR","potentialAction":[{"@type":"ReadAction","target":["https:\/\/www.tarluz.com\/fr\/"]}]},{"@type":"BreadcrumbList","@id":"https:\/\/www.tarluz.com\/fr\/#breadcrumb","itemListElement":[{"@type":"ListItem","position":1,"name":"Home","item":"https:\/\/www.tarluz.com\/fr\/"},{"@type":"ListItem","position":2,"name":"Accueil"}]},{"@type":"WebSite","@id":"https:\/\/www.tarluz.com\/fr\/#website","url":"https:\/\/www.tarluz.com\/fr\/","name":"TARLUZ - FIBER OPTIC SUPPLIERS","description":"DEDICATED IN FIBER OPTIC INDUSTRY","potentialAction":[{"@type":"SearchAction","target":{"@type":"EntryPoint","urlTemplate":"https:\/\/www.tarluz.com\/fr\/?s={search_term_string}"},"query-input":{"@type":"PropertyValueSpecification","valueRequired":true,"valueName":"search_term_string"}}],"inLanguage":"fr-FR"}]}},"_links":{"self":[{"href":"https:\/\/www.tarluz.com\/fr\/wp-json\/wp\/v2\/pages\/2464","targetHints":{"allow":["GET"]}}],"collection":[{"href":"https:\/\/www.tarluz.com\/fr\/wp-json\/wp\/v2\/pages"}],"about":[{"href":"https:\/\/www.tarluz.com\/fr\/wp-json\/wp\/v2\/types\/page"}],"author":[{"embeddable":true,"href":"https:\/\/www.tarluz.com\/fr\/wp-json\/wp\/v2\/users\/1"}],"replies":[{"embeddable":true,"href":"https:\/\/www.tarluz.com\/fr\/wp-json\/wp\/v2\/comments?post=2464"}],"version-history":[{"count":8,"href":"https:\/\/www.tarluz.com\/fr\/wp-json\/wp\/v2\/pages\/2464\/revisions"}],"predecessor-version":[{"id":2467,"href":"https:\/\/www.tarluz.com\/fr\/wp-json\/wp\/v2\/pages\/2464\/revisions\/2467"}],"wp:attachment":[{"href":"https:\/\/www.tarluz.com\/fr\/wp-json\/wp\/v2\/media?parent=2464"}],"curies":[{"name":"wp","href":"https:\/\/api.w.org\/{rel}","templated":true}]}}