{"id":2475,"date":"2015-08-19T10:06:27","date_gmt":"2015-08-19T10:06:27","guid":{"rendered":"https:\/\/www.tarluz.com\/fr\/about-us\/"},"modified":"2016-10-27T07:38:00","modified_gmt":"2016-10-27T07:38:00","slug":"about-us","status":"publish","type":"page","link":"https:\/\/www.tarluz.com\/fr\/about-us\/","title":{"rendered":"A propos"},"content":{"rendered":"<p>[vc_row rt_row_background_width=\u00a0\u00bbdefault\u00a0\u00bb rt_row_style=\u00a0\u00bbdefault-style\u00a0\u00bb rt_row_borders=\u00a0\u00bb\u00a0\u00bb rt_row_paddings=\u00a0\u00bbtrue\u00a0\u00bb rt_bg_effect=\u00a0\u00bbclassic\u00a0\u00bb rt_bg_image_repeat=\u00a0\u00bbrepeat\u00a0\u00bb rt_bg_size=\u00a0\u00bbcover\u00a0\u00bb rt_bg_position=\u00a0\u00bbright top\u00a0\u00bb rt_bg_attachment=\u00a0\u00bbscroll\u00a0\u00bb rt_bg_video_format=\u00a0\u00bbself-hosted\u00a0\u00bb][vc_column rt_bg_image_repeat=\u00a0\u00bbrepeat\u00a0\u00bb rt_bg_size=\u00a0\u00bbauto auto\u00a0\u00bb rt_bg_attachment=\u00a0\u00bbscroll\u00a0\u00bb][vc_custom_heading text=\u00a0\u00bbA propos de Tarluz\u00a0\u00bb][vc_column_text]<\/p>\n<p style=\"text-align: justify;\">TARLUZ est un important fabricant de fibre optique bas\u00e9 \u00e0 Shanghai de la fibre optique et des produits de mise en r\u00e9seau avec des installations compl\u00e8tes de fabrication, d\u00e9di\u00e9es au service de la soci\u00e9t\u00e9 Telco, les FAI, les fournisseurs de t\u00e9l\u00e9vision par c\u00e2ble, entrepreneurs, etc g\u00e9nie partout dans le monde.<\/p>\n<p style=\"text-align: justify;\">designs Tarluz, d\u00e9veloppe, fabrique et commercialise des solutions de fibre optique c\u00e2blage pro, connectivit\u00e9, gestion et syst\u00e8mes. Nous offrons une large gamme de produits directement et par l&rsquo;interm\u00e9diaire des distributeurs, des installateurs et des partenaires OEM.<\/p>\n<p style=\"text-align: justify;\">La gamme de produits comprend des MTP MPO Fibre optique, PON passif r\u00e9seau optique, fibre optique Test Equipment, fibre optique Splicing, gestion des c\u00e2bles, c\u00e2ble \u00e0 fibre optique, Outils et kits d&rsquo;outils.<\/p>\n<p>[\/vc_column_text][vc_single_image image=\u00a0\u00bb307&Prime; img_size=\u00a0\u00bbfull\u00a0\u00bb alignment=\u00a0\u00bbcenter\u00a0\u00bb style=\u00a0\u00bbvc_box_rounded\u00a0\u00bb][\/vc_column][\/vc_row]<\/p>\n","protected":false},"excerpt":{"rendered":"<p>[vc_row rt_row_background_width=\u00a0\u00bbdefault\u00a0\u00bb rt_row_style=\u00a0\u00bbdefault-style\u00a0\u00bb rt_row_borders=\u00a0\u00bb\u00a0\u00bb rt_row_paddings=\u00a0\u00bbtrue\u00a0\u00bb rt_bg_effect=\u00a0\u00bbclassic\u00a0\u00bb rt_bg_image_repeat=\u00a0\u00bbrepeat\u00a0\u00bb rt_bg_size=\u00a0\u00bbcover\u00a0\u00bb rt_bg_position=\u00a0\u00bbright top\u00a0\u00bb rt_bg_attachment=\u00a0\u00bbscroll\u00a0\u00bb rt_bg_video_format=\u00a0\u00bbself-hosted\u00a0\u00bb][vc_column rt_bg_image_repeat=\u00a0\u00bbrepeat\u00a0\u00bb rt_bg_size=\u00a0\u00bbauto auto\u00a0\u00bb rt_bg_attachment=\u00a0\u00bbscroll\u00a0\u00bb][vc_custom_heading text=\u00a0\u00bbA propos de Tarluz\u00a0\u00bb][vc_column_text] TARLUZ est un important fabricant de fibre optique bas\u00e9 \u00e0 Shanghai de la fibre optique et des produits de mise en r\u00e9seau avec des installations compl\u00e8tes de fabrication, d\u00e9di\u00e9es au service de la soci\u00e9t\u00e9 Telco, [&hellip;]<\/p>\n","protected":false},"author":1,"featured_media":0,"parent":0,"menu_order":0,"comment_status":"closed","ping_status":"closed","template":"","meta":{"footnotes":""},"class_list":["post-2475","page","type-page","status-publish","hentry"],"yoast_head":"<!-- This site is optimized with the Yoast SEO Premium plugin v23.3 (Yoast SEO v27.4) - https:\/\/yoast.com\/product\/yoast-seo-premium-wordpress\/ -->\n<title>A propos - TARLUZ - FIBER OPTIC SUPPLIERS<\/title>\n<meta name=\"robots\" content=\"index, follow, max-snippet:-1, max-image-preview:large, max-video-preview:-1\" \/>\n<link rel=\"canonical\" href=\"https:\/\/www.tarluz.com\/fr\/about-us\/\" \/>\n<meta property=\"og:locale\" content=\"fr_FR\" \/>\n<meta property=\"og:type\" content=\"article\" \/>\n<meta property=\"og:title\" content=\"A propos\" \/>\n<meta property=\"og:description\" content=\"[vc_row rt_row_background_width=\u00a0\u00bbdefault\u00a0\u00bb rt_row_style=\u00a0\u00bbdefault-style\u00a0\u00bb rt_row_borders=\u00a0\u00bb\u00a0\u00bb rt_row_paddings=\u00a0\u00bbtrue\u00a0\u00bb rt_bg_effect=\u00a0\u00bbclassic\u00a0\u00bb rt_bg_image_repeat=\u00a0\u00bbrepeat\u00a0\u00bb rt_bg_size=\u00a0\u00bbcover\u00a0\u00bb rt_bg_position=\u00a0\u00bbright top\u00a0\u00bb rt_bg_attachment=\u00a0\u00bbscroll\u00a0\u00bb rt_bg_video_format=\u00a0\u00bbself-hosted\u00a0\u00bb][vc_column rt_bg_image_repeat=\u00a0\u00bbrepeat\u00a0\u00bb rt_bg_size=\u00a0\u00bbauto auto\u00a0\u00bb rt_bg_attachment=\u00a0\u00bbscroll\u00a0\u00bb][vc_custom_heading text=\u00a0\u00bbA propos de Tarluz\u00a0\u00bb][vc_column_text] TARLUZ est un important fabricant de fibre optique bas\u00e9 \u00e0 Shanghai de la fibre optique et des produits de mise en r\u00e9seau avec des installations compl\u00e8tes de fabrication, d\u00e9di\u00e9es au service de la soci\u00e9t\u00e9 Telco, [&hellip;]\" \/>\n<meta property=\"og:url\" content=\"https:\/\/www.tarluz.com\/fr\/about-us\/\" \/>\n<meta property=\"og:site_name\" content=\"TARLUZ - FIBER OPTIC SUPPLIERS\" \/>\n<meta property=\"article:modified_time\" content=\"2016-10-27T07:38:00+00:00\" \/>\n<meta name=\"twitter:card\" content=\"summary_large_image\" \/>\n<meta name=\"twitter:label1\" content=\"Dur\u00e9e de lecture estim\u00e9e\" \/>\n\t<meta name=\"twitter:data1\" content=\"1 minute\" \/>\n<script type=\"application\/ld+json\" class=\"yoast-schema-graph\">{\"@context\":\"https:\\\/\\\/schema.org\",\"@graph\":[{\"@type\":\"WebPage\",\"@id\":\"https:\\\/\\\/www.tarluz.com\\\/fr\\\/about-us\\\/\",\"url\":\"https:\\\/\\\/www.tarluz.com\\\/fr\\\/about-us\\\/\",\"name\":\"A propos - TARLUZ - FIBER OPTIC SUPPLIERS\",\"isPartOf\":{\"@id\":\"https:\\\/\\\/www.tarluz.com\\\/fr\\\/#website\"},\"datePublished\":\"2015-08-19T10:06:27+00:00\",\"dateModified\":\"2016-10-27T07:38:00+00:00\",\"breadcrumb\":{\"@id\":\"https:\\\/\\\/www.tarluz.com\\\/fr\\\/about-us\\\/#breadcrumb\"},\"inLanguage\":\"fr-FR\",\"potentialAction\":[{\"@type\":\"ReadAction\",\"target\":[\"https:\\\/\\\/www.tarluz.com\\\/fr\\\/about-us\\\/\"]}]},{\"@type\":\"BreadcrumbList\",\"@id\":\"https:\\\/\\\/www.tarluz.com\\\/fr\\\/about-us\\\/#breadcrumb\",\"itemListElement\":[{\"@type\":\"ListItem\",\"position\":1,\"name\":\"Home\",\"item\":\"https:\\\/\\\/www.tarluz.com\\\/fr\\\/\"},{\"@type\":\"ListItem\",\"position\":2,\"name\":\"A propos\"}]},{\"@type\":\"WebSite\",\"@id\":\"https:\\\/\\\/www.tarluz.com\\\/fr\\\/#website\",\"url\":\"https:\\\/\\\/www.tarluz.com\\\/fr\\\/\",\"name\":\"TARLUZ - FIBER OPTIC SUPPLIERS\",\"description\":\"DEDICATED IN FIBER OPTIC INDUSTRY\",\"potentialAction\":[{\"@type\":\"SearchAction\",\"target\":{\"@type\":\"EntryPoint\",\"urlTemplate\":\"https:\\\/\\\/www.tarluz.com\\\/fr\\\/?s={search_term_string}\"},\"query-input\":{\"@type\":\"PropertyValueSpecification\",\"valueRequired\":true,\"valueName\":\"search_term_string\"}}],\"inLanguage\":\"fr-FR\"}]}<\/script>\n<!-- \/ Yoast SEO Premium plugin. -->","yoast_head_json":{"title":"A propos - TARLUZ - FIBER OPTIC SUPPLIERS","robots":{"index":"index","follow":"follow","max-snippet":"max-snippet:-1","max-image-preview":"max-image-preview:large","max-video-preview":"max-video-preview:-1"},"canonical":"https:\/\/www.tarluz.com\/fr\/about-us\/","og_locale":"fr_FR","og_type":"article","og_title":"A propos","og_description":"[vc_row rt_row_background_width=\u00a0\u00bbdefault\u00a0\u00bb rt_row_style=\u00a0\u00bbdefault-style\u00a0\u00bb rt_row_borders=\u00a0\u00bb\u00a0\u00bb rt_row_paddings=\u00a0\u00bbtrue\u00a0\u00bb rt_bg_effect=\u00a0\u00bbclassic\u00a0\u00bb rt_bg_image_repeat=\u00a0\u00bbrepeat\u00a0\u00bb rt_bg_size=\u00a0\u00bbcover\u00a0\u00bb rt_bg_position=\u00a0\u00bbright top\u00a0\u00bb rt_bg_attachment=\u00a0\u00bbscroll\u00a0\u00bb rt_bg_video_format=\u00a0\u00bbself-hosted\u00a0\u00bb][vc_column rt_bg_image_repeat=\u00a0\u00bbrepeat\u00a0\u00bb rt_bg_size=\u00a0\u00bbauto auto\u00a0\u00bb rt_bg_attachment=\u00a0\u00bbscroll\u00a0\u00bb][vc_custom_heading text=\u00a0\u00bbA propos de Tarluz\u00a0\u00bb][vc_column_text] TARLUZ est un important fabricant de fibre optique bas\u00e9 \u00e0 Shanghai de la fibre optique et des produits de mise en r\u00e9seau avec des installations compl\u00e8tes de fabrication, d\u00e9di\u00e9es au service de la soci\u00e9t\u00e9 Telco, [&hellip;]","og_url":"https:\/\/www.tarluz.com\/fr\/about-us\/","og_site_name":"TARLUZ - FIBER OPTIC SUPPLIERS","article_modified_time":"2016-10-27T07:38:00+00:00","twitter_card":"summary_large_image","twitter_misc":{"Dur\u00e9e de lecture estim\u00e9e":"1 minute"},"schema":{"@context":"https:\/\/schema.org","@graph":[{"@type":"WebPage","@id":"https:\/\/www.tarluz.com\/fr\/about-us\/","url":"https:\/\/www.tarluz.com\/fr\/about-us\/","name":"A propos - TARLUZ - FIBER OPTIC SUPPLIERS","isPartOf":{"@id":"https:\/\/www.tarluz.com\/fr\/#website"},"datePublished":"2015-08-19T10:06:27+00:00","dateModified":"2016-10-27T07:38:00+00:00","breadcrumb":{"@id":"https:\/\/www.tarluz.com\/fr\/about-us\/#breadcrumb"},"inLanguage":"fr-FR","potentialAction":[{"@type":"ReadAction","target":["https:\/\/www.tarluz.com\/fr\/about-us\/"]}]},{"@type":"BreadcrumbList","@id":"https:\/\/www.tarluz.com\/fr\/about-us\/#breadcrumb","itemListElement":[{"@type":"ListItem","position":1,"name":"Home","item":"https:\/\/www.tarluz.com\/fr\/"},{"@type":"ListItem","position":2,"name":"A propos"}]},{"@type":"WebSite","@id":"https:\/\/www.tarluz.com\/fr\/#website","url":"https:\/\/www.tarluz.com\/fr\/","name":"TARLUZ - FIBER OPTIC SUPPLIERS","description":"DEDICATED IN FIBER OPTIC INDUSTRY","potentialAction":[{"@type":"SearchAction","target":{"@type":"EntryPoint","urlTemplate":"https:\/\/www.tarluz.com\/fr\/?s={search_term_string}"},"query-input":{"@type":"PropertyValueSpecification","valueRequired":true,"valueName":"search_term_string"}}],"inLanguage":"fr-FR"}]}},"_links":{"self":[{"href":"https:\/\/www.tarluz.com\/fr\/wp-json\/wp\/v2\/pages\/2475","targetHints":{"allow":["GET"]}}],"collection":[{"href":"https:\/\/www.tarluz.com\/fr\/wp-json\/wp\/v2\/pages"}],"about":[{"href":"https:\/\/www.tarluz.com\/fr\/wp-json\/wp\/v2\/types\/page"}],"author":[{"embeddable":true,"href":"https:\/\/www.tarluz.com\/fr\/wp-json\/wp\/v2\/users\/1"}],"replies":[{"embeddable":true,"href":"https:\/\/www.tarluz.com\/fr\/wp-json\/wp\/v2\/comments?post=2475"}],"version-history":[{"count":3,"href":"https:\/\/www.tarluz.com\/fr\/wp-json\/wp\/v2\/pages\/2475\/revisions"}],"predecessor-version":[{"id":2481,"href":"https:\/\/www.tarluz.com\/fr\/wp-json\/wp\/v2\/pages\/2475\/revisions\/2481"}],"wp:attachment":[{"href":"https:\/\/www.tarluz.com\/fr\/wp-json\/wp\/v2\/media?parent=2475"}],"curies":[{"name":"wp","href":"https:\/\/api.w.org\/{rel}","templated":true}]}}