{"id":2787,"date":"2015-08-19T10:06:27","date_gmt":"2015-08-19T10:06:27","guid":{"rendered":"https:\/\/www.tarluz.com\/pt-br\/about-us\/"},"modified":"2016-10-31T02:48:11","modified_gmt":"2016-10-31T02:48:11","slug":"about-us","status":"publish","type":"page","link":"https:\/\/www.tarluz.com\/pt-br\/about-us\/","title":{"rendered":"Sobre a TARLUZ"},"content":{"rendered":"<p>[vc_row rt_row_background_width=&#8221;default&#8221; rt_row_style=&#8221;default-style&#8221; rt_row_borders=&#8221;&#8221; rt_row_paddings=&#8221;true&#8221; rt_bg_effect=&#8221;classic&#8221; rt_bg_image_repeat=&#8221;repeat&#8221; rt_bg_size=&#8221;cover&#8221; rt_bg_position=&#8221;right top&#8221; rt_bg_attachment=&#8221;scroll&#8221; rt_bg_video_format=&#8221;self-hosted&#8221;][vc_column rt_bg_image_repeat=&#8221;repeat&#8221; rt_bg_size=&#8221;auto auto&#8221; rt_bg_attachment=&#8221;scroll&#8221;][vc_custom_heading text=&#8221;Introduction to Tarluz&#8221; google_fonts=&#8221;&#8221;][vc_column_text]<\/p>\n<p style=\"text-align: justify;\">TARLUZ \u00e9 um fabricante l\u00edder de fibra \u00f3ptica baseada em Xangai, da fibra \u00f3ptica e produtos de rede com f\u00e1bricas completas, dedicados em servir empresa Telco, ISPs, provedores de TV a cabo, Empreiteiros, Engenharia etc todo o mundo.<\/p>\n<p style=\"text-align: justify;\">projetos Tarluz, desenvolve, fabrica e vende solu\u00e7\u00f5es de cabeamento de fibra \u00f3ptica, conectividade, gest\u00e3o e sistemas. N\u00f3s oferecemos uma ampla gama de produtos diretamente e atrav\u00e9s de distribuidores, instaladores e parceiros OEM.<\/p>\n<p style=\"text-align: justify;\">A gama de produtos inclui MTP MPO Fibra \u00d3ptica, PON Passive Rede \u00d3ptica, Fibra \u00d3ptica Equipamentos de teste de fibra \u00f3ptica emenda, gest\u00e3o de cabos, Cabo de Fibra \u00d3ptica, ferramentas e kits de ferramentas<\/p>\n<p>[\/vc_column_text][vc_single_image image=&#8221;307&#8243; img_size=&#8221;full&#8221; alignment=&#8221;center&#8221; style=&#8221;vc_box_rounded&#8221;][\/vc_column][\/vc_row]<\/p>\n","protected":false},"excerpt":{"rendered":"<p>[vc_row rt_row_background_width=&#8221;default&#8221; rt_row_style=&#8221;default-style&#8221; rt_row_borders=&#8221;&#8221; rt_row_paddings=&#8221;true&#8221; rt_bg_effect=&#8221;classic&#8221; rt_bg_image_repeat=&#8221;repeat&#8221; rt_bg_size=&#8221;cover&#8221; rt_bg_position=&#8221;right top&#8221; rt_bg_attachment=&#8221;scroll&#8221; rt_bg_video_format=&#8221;self-hosted&#8221;][vc_column rt_bg_image_repeat=&#8221;repeat&#8221; rt_bg_size=&#8221;auto auto&#8221; rt_bg_attachment=&#8221;scroll&#8221;][vc_custom_heading text=&#8221;Introduction to Tarluz&#8221; google_fonts=&#8221;&#8221;][vc_column_text] TARLUZ \u00e9 um fabricante l\u00edder de fibra \u00f3ptica baseada em Xangai, da fibra \u00f3ptica e produtos de rede com f\u00e1bricas completas, dedicados em servir empresa Telco, ISPs, provedores de TV a cabo, Empreiteiros, Engenharia etc [&hellip;]<\/p>\n","protected":false},"author":1,"featured_media":0,"parent":0,"menu_order":0,"comment_status":"closed","ping_status":"closed","template":"","meta":{"footnotes":""},"class_list":["post-2787","page","type-page","status-publish","hentry"],"yoast_head":"<!-- This site is optimized with the Yoast SEO Premium plugin v23.3 (Yoast SEO v27.5) - https:\/\/yoast.com\/product\/yoast-seo-premium-wordpress\/ -->\n<title>Sobre a TARLUZ - TARLUZ - FIBER OPTIC SUPPLIERS<\/title>\n<meta name=\"robots\" content=\"index, follow, max-snippet:-1, max-image-preview:large, max-video-preview:-1\" \/>\n<link rel=\"canonical\" href=\"https:\/\/www.tarluz.com\/pt-br\/about-us\/\" \/>\n<meta property=\"og:locale\" content=\"pt_BR\" \/>\n<meta property=\"og:type\" content=\"article\" \/>\n<meta property=\"og:title\" content=\"Sobre a TARLUZ\" \/>\n<meta property=\"og:description\" content=\"[vc_row rt_row_background_width=&#8221;default&#8221; rt_row_style=&#8221;default-style&#8221; rt_row_borders=&#8221;&#8221; rt_row_paddings=&#8221;true&#8221; rt_bg_effect=&#8221;classic&#8221; rt_bg_image_repeat=&#8221;repeat&#8221; rt_bg_size=&#8221;cover&#8221; rt_bg_position=&#8221;right top&#8221; rt_bg_attachment=&#8221;scroll&#8221; rt_bg_video_format=&#8221;self-hosted&#8221;][vc_column rt_bg_image_repeat=&#8221;repeat&#8221; rt_bg_size=&#8221;auto auto&#8221; rt_bg_attachment=&#8221;scroll&#8221;][vc_custom_heading text=&#8221;Introduction to Tarluz&#8221; google_fonts=&#8221;&#8221;][vc_column_text] TARLUZ \u00e9 um fabricante l\u00edder de fibra \u00f3ptica baseada em Xangai, da fibra \u00f3ptica e produtos de rede com f\u00e1bricas completas, dedicados em servir empresa Telco, ISPs, provedores de TV a cabo, Empreiteiros, Engenharia etc [&hellip;]\" \/>\n<meta property=\"og:url\" content=\"https:\/\/www.tarluz.com\/pt-br\/about-us\/\" \/>\n<meta property=\"og:site_name\" content=\"TARLUZ - FIBER OPTIC SUPPLIERS\" \/>\n<meta property=\"article:modified_time\" content=\"2016-10-31T02:48:11+00:00\" \/>\n<meta name=\"twitter:card\" content=\"summary_large_image\" \/>\n<meta name=\"twitter:label1\" content=\"Est. tempo de leitura\" \/>\n\t<meta name=\"twitter:data1\" content=\"1 minuto\" \/>\n<script type=\"application\/ld+json\" class=\"yoast-schema-graph\">{\"@context\":\"https:\\\/\\\/schema.org\",\"@graph\":[{\"@type\":\"WebPage\",\"@id\":\"https:\\\/\\\/www.tarluz.com\\\/pt-br\\\/about-us\\\/\",\"url\":\"https:\\\/\\\/www.tarluz.com\\\/pt-br\\\/about-us\\\/\",\"name\":\"Sobre a TARLUZ - TARLUZ - FIBER OPTIC SUPPLIERS\",\"isPartOf\":{\"@id\":\"https:\\\/\\\/www.tarluz.com\\\/pt-br\\\/#website\"},\"datePublished\":\"2015-08-19T10:06:27+00:00\",\"dateModified\":\"2016-10-31T02:48:11+00:00\",\"breadcrumb\":{\"@id\":\"https:\\\/\\\/www.tarluz.com\\\/pt-br\\\/about-us\\\/#breadcrumb\"},\"inLanguage\":\"pt-BR\",\"potentialAction\":[{\"@type\":\"ReadAction\",\"target\":[\"https:\\\/\\\/www.tarluz.com\\\/pt-br\\\/about-us\\\/\"]}]},{\"@type\":\"BreadcrumbList\",\"@id\":\"https:\\\/\\\/www.tarluz.com\\\/pt-br\\\/about-us\\\/#breadcrumb\",\"itemListElement\":[{\"@type\":\"ListItem\",\"position\":1,\"name\":\"Home\",\"item\":\"https:\\\/\\\/www.tarluz.com\\\/pt-br\\\/\"},{\"@type\":\"ListItem\",\"position\":2,\"name\":\"Sobre a TARLUZ\"}]},{\"@type\":\"WebSite\",\"@id\":\"https:\\\/\\\/www.tarluz.com\\\/pt-br\\\/#website\",\"url\":\"https:\\\/\\\/www.tarluz.com\\\/pt-br\\\/\",\"name\":\"TARLUZ - FIBER OPTIC SUPPLIERS\",\"description\":\"DEDICATED IN FIBER OPTIC INDUSTRY\",\"potentialAction\":[{\"@type\":\"SearchAction\",\"target\":{\"@type\":\"EntryPoint\",\"urlTemplate\":\"https:\\\/\\\/www.tarluz.com\\\/pt-br\\\/?s={search_term_string}\"},\"query-input\":{\"@type\":\"PropertyValueSpecification\",\"valueRequired\":true,\"valueName\":\"search_term_string\"}}],\"inLanguage\":\"pt-BR\"}]}<\/script>\n<!-- \/ Yoast SEO Premium plugin. -->","yoast_head_json":{"title":"Sobre a TARLUZ - TARLUZ - FIBER OPTIC SUPPLIERS","robots":{"index":"index","follow":"follow","max-snippet":"max-snippet:-1","max-image-preview":"max-image-preview:large","max-video-preview":"max-video-preview:-1"},"canonical":"https:\/\/www.tarluz.com\/pt-br\/about-us\/","og_locale":"pt_BR","og_type":"article","og_title":"Sobre a TARLUZ","og_description":"[vc_row rt_row_background_width=&#8221;default&#8221; rt_row_style=&#8221;default-style&#8221; rt_row_borders=&#8221;&#8221; rt_row_paddings=&#8221;true&#8221; rt_bg_effect=&#8221;classic&#8221; rt_bg_image_repeat=&#8221;repeat&#8221; rt_bg_size=&#8221;cover&#8221; rt_bg_position=&#8221;right top&#8221; rt_bg_attachment=&#8221;scroll&#8221; rt_bg_video_format=&#8221;self-hosted&#8221;][vc_column rt_bg_image_repeat=&#8221;repeat&#8221; rt_bg_size=&#8221;auto auto&#8221; rt_bg_attachment=&#8221;scroll&#8221;][vc_custom_heading text=&#8221;Introduction to Tarluz&#8221; google_fonts=&#8221;&#8221;][vc_column_text] TARLUZ \u00e9 um fabricante l\u00edder de fibra \u00f3ptica baseada em Xangai, da fibra \u00f3ptica e produtos de rede com f\u00e1bricas completas, dedicados em servir empresa Telco, ISPs, provedores de TV a cabo, Empreiteiros, Engenharia etc [&hellip;]","og_url":"https:\/\/www.tarluz.com\/pt-br\/about-us\/","og_site_name":"TARLUZ - FIBER OPTIC SUPPLIERS","article_modified_time":"2016-10-31T02:48:11+00:00","twitter_card":"summary_large_image","twitter_misc":{"Est. tempo de leitura":"1 minuto"},"schema":{"@context":"https:\/\/schema.org","@graph":[{"@type":"WebPage","@id":"https:\/\/www.tarluz.com\/pt-br\/about-us\/","url":"https:\/\/www.tarluz.com\/pt-br\/about-us\/","name":"Sobre a TARLUZ - TARLUZ - FIBER OPTIC SUPPLIERS","isPartOf":{"@id":"https:\/\/www.tarluz.com\/pt-br\/#website"},"datePublished":"2015-08-19T10:06:27+00:00","dateModified":"2016-10-31T02:48:11+00:00","breadcrumb":{"@id":"https:\/\/www.tarluz.com\/pt-br\/about-us\/#breadcrumb"},"inLanguage":"pt-BR","potentialAction":[{"@type":"ReadAction","target":["https:\/\/www.tarluz.com\/pt-br\/about-us\/"]}]},{"@type":"BreadcrumbList","@id":"https:\/\/www.tarluz.com\/pt-br\/about-us\/#breadcrumb","itemListElement":[{"@type":"ListItem","position":1,"name":"Home","item":"https:\/\/www.tarluz.com\/pt-br\/"},{"@type":"ListItem","position":2,"name":"Sobre a TARLUZ"}]},{"@type":"WebSite","@id":"https:\/\/www.tarluz.com\/pt-br\/#website","url":"https:\/\/www.tarluz.com\/pt-br\/","name":"TARLUZ - FIBER OPTIC SUPPLIERS","description":"DEDICATED IN FIBER OPTIC INDUSTRY","potentialAction":[{"@type":"SearchAction","target":{"@type":"EntryPoint","urlTemplate":"https:\/\/www.tarluz.com\/pt-br\/?s={search_term_string}"},"query-input":{"@type":"PropertyValueSpecification","valueRequired":true,"valueName":"search_term_string"}}],"inLanguage":"pt-BR"}]}},"_links":{"self":[{"href":"https:\/\/www.tarluz.com\/pt-br\/wp-json\/wp\/v2\/pages\/2787","targetHints":{"allow":["GET"]}}],"collection":[{"href":"https:\/\/www.tarluz.com\/pt-br\/wp-json\/wp\/v2\/pages"}],"about":[{"href":"https:\/\/www.tarluz.com\/pt-br\/wp-json\/wp\/v2\/types\/page"}],"author":[{"embeddable":true,"href":"https:\/\/www.tarluz.com\/pt-br\/wp-json\/wp\/v2\/users\/1"}],"replies":[{"embeddable":true,"href":"https:\/\/www.tarluz.com\/pt-br\/wp-json\/wp\/v2\/comments?post=2787"}],"version-history":[{"count":2,"href":"https:\/\/www.tarluz.com\/pt-br\/wp-json\/wp\/v2\/pages\/2787\/revisions"}],"predecessor-version":[{"id":2789,"href":"https:\/\/www.tarluz.com\/pt-br\/wp-json\/wp\/v2\/pages\/2787\/revisions\/2789"}],"wp:attachment":[{"href":"https:\/\/www.tarluz.com\/pt-br\/wp-json\/wp\/v2\/media?parent=2787"}],"curies":[{"name":"wp","href":"https:\/\/api.w.org\/{rel}","templated":true}]}}